{"id":222,"date":"2025-10-06T15:36:49","date_gmt":"2025-10-06T15:36:49","guid":{"rendered":"https:\/\/feelinglaser.re\/?page_id=222"},"modified":"2025-10-06T15:46:44","modified_gmt":"2025-10-06T15:46:44","slug":"qui-sommes-nous","status":"publish","type":"page","link":"https:\/\/feelinglaser.re\/index.php\/qui-sommes-nous\/","title":{"rendered":"Qui Sommes-nous ?"},"content":{"rendered":"<p>[et_pb_section fb_built=\u00a0\u00bb1&Prime; theme_builder_area=\u00a0\u00bbpost_content\u00a0\u00bb _builder_version=\u00a0\u00bb4.27.4&Prime; _module_preset=\u00a0\u00bbdefault\u00a0\u00bb custom_padding=\u00a0\u00bb0px||0px||false|false\u00a0\u00bb custom_margin=\u00a0\u00bb0px||0px||false|false\u00a0\u00bb hover_enabled=\u00a0\u00bb0&Prime; sticky_enabled=\u00a0\u00bb0&Prime;][et_pb_row _builder_version=\u00a0\u00bb4.27.4&Prime; _module_preset=\u00a0\u00bbdefault\u00a0\u00bb theme_builder_area=\u00a0\u00bbpost_content\u00a0\u00bb][et_pb_column _builder_version=\u00a0\u00bb4.27.4&Prime; _module_preset=\u00a0\u00bbdefault\u00a0\u00bb type=\u00a0\u00bb4_4&Prime; theme_builder_area=\u00a0\u00bbpost_content\u00a0\u00bb][et_pb_text _builder_version=\u00a0\u00bb4.27.4&Prime; _module_preset=\u00a0\u00bbdefault\u00a0\u00bb theme_builder_area=\u00a0\u00bbpost_content\u00a0\u00bb text_font=\u00a0\u00bb|700|||||||\u00a0\u00bb text_font_size=\u00a0\u00bb36px\u00a0\u00bb text_orientation=\u00a0\u00bbcenter\u00a0\u00bb text_text_color=\u00a0\u00bb#3c3281&Prime; hover_enabled=\u00a0\u00bb0&Prime; sticky_enabled=\u00a0\u00bb0&Prime;]<\/p>\n<p><strong>Qui sommes-nous ?<\/strong><\/p>\n<p>[\/et_pb_text][\/et_pb_column][\/et_pb_row][et_pb_row _builder_version=\u00a0\u00bb4.27.4&Prime; _module_preset=\u00a0\u00bbdefault\u00a0\u00bb theme_builder_area=\u00a0\u00bbpost_content\u00a0\u00bb column_structure=\u00a0\u00bb1_2,1_2&Prime; use_custom_gutter=\u00a0\u00bbon\u00a0\u00bb width=\u00a0\u00bb100%\u00a0\u00bb max_width=\u00a0\u00bb100%\u00a0\u00bb gutter_width=\u00a0\u00bb1&Prime; hover_enabled=\u00a0\u00bb0&Prime; sticky_enabled=\u00a0\u00bb0&Prime; make_equal=\u00a0\u00bbon\u00a0\u00bb custom_padding=\u00a0\u00bb0px||0px||false|false\u00a0\u00bb custom_margin=\u00a0\u00bb0px||0px||false|false\u00a0\u00bb][et_pb_column _builder_version=\u00a0\u00bb4.27.4&Prime; _module_preset=\u00a0\u00bbdefault\u00a0\u00bb type=\u00a0\u00bb1_2&Prime; theme_builder_area=\u00a0\u00bbpost_content\u00a0\u00bb][et_pb_image src=\u00a0\u00bbhttps:\/\/feelinglaser.re\/wp-content\/uploads\/2025\/10\/1753179385959.webp\u00a0\u00bb _builder_version=\u00a0\u00bb4.27.4&Prime; _module_preset=\u00a0\u00bbdefault\u00a0\u00bb theme_builder_area=\u00a0\u00bbpost_content\u00a0\u00bb title_text=\u00a0\u00bb1753179385959&Prime; hover_enabled=\u00a0\u00bb0&Prime; sticky_enabled=\u00a0\u00bb0&Prime; custom_padding=\u00a0\u00bb|20px|||false|false\u00a0\u00bb][\/et_pb_image][\/et_pb_column][et_pb_column _builder_version=\u00a0\u00bb4.27.4&Prime; _module_preset=\u00a0\u00bbdefault\u00a0\u00bb type=\u00a0\u00bb1_2&Prime; theme_builder_area=\u00a0\u00bbpost_content\u00a0\u00bb][et_pb_text _builder_version=\u00a0\u00bb4.27.4&Prime; _module_preset=\u00a0\u00bbdefault\u00a0\u00bb theme_builder_area=\u00a0\u00bbpost_content\u00a0\u00bb hover_enabled=\u00a0\u00bb0&Prime; sticky_enabled=\u00a0\u00bb0&Prime; text_font=\u00a0\u00bb|700|||||||\u00a0\u00bb custom_padding=\u00a0\u00bb|20px||0px|false|false\u00a0\u00bb]<\/p>\n<h4 class=\"cvGsUA direction-ltr align-start para-style-body\"><strong><span class=\"a_GcMg font-feature-liga-off font-feature-clig-off font-feature-calt-off text-decoration-none text-strikethrough-none\">Mon parcours<\/span><\/strong><\/h4>\n<p class=\"cvGsUA direction-ltr align-start para-style-body\"><span class=\"a_GcMg font-feature-liga-off font-feature-clig-off font-feature-calt-off text-decoration-none text-strikethrough-none\">Artisan passionn\u00e9 depuis 2002, j\u2019ai consacr\u00e9 les premi\u00e8res ann\u00e9es de ma carri\u00e8re \u00e0 la fabrication d\u2019enseignes lumineuses et de signal\u00e9tique. Cette activit\u00e9 m\u2019a permis de d\u00e9velopper une expertise solide en m\u00e9tallerie et en soudure, des comp\u00e9tences que j\u2019ai continu\u00e9 \u00e0 perfectionner au fil de mon \u00e9volution dans le secteur industriel.<\/span><\/p>\n<p class=\"cvGsUA direction-ltr align-start para-style-body\"><span class=\"a_GcMg font-feature-liga-off font-feature-clig-off font-feature-calt-off text-decoration-none text-strikethrough-none\">Il y a trois ans, j\u2019ai d\u00e9couvert la technologie de soudure laser \u2014 une v\u00e9ritable r\u00e9v\u00e9lation. S\u00e9duit par sa pr\u00e9cision, sa rapidit\u00e9 et la qualit\u00e9 des finitions, j\u2019ai d\u00e9cid\u00e9 d\u2019investir dans mon premier poste de soudure laser en me tournant vers des fournisseurs asiatiques, faute d\u2019acteurs pr\u00e9sents \u00e0 La R\u00e9union.<\/span><span class=\"a_GcMg font-feature-liga-off font-feature-clig-off font-feature-calt-off text-decoration-none text-strikethrough-none white-space-prewrap\"> <\/span><\/p>\n<p class=\"cvGsUA direction-ltr align-start para-style-body\"><span class=\"a_GcMg font-feature-liga-off font-feature-clig-off font-feature-calt-off text-decoration-none text-strikethrough-none\">Les r\u00e9sultats ont \u00e9t\u00e9 bluffants : un vrai gain de temps, une pr\u00e9cision chirurgicale et une ex\u00e9cution simplifi\u00e9e.<\/span><\/p>\n<h4 class=\"cvGsUA direction-ltr align-start para-style-body\"><strong><span class=\"a_GcMg font-feature-liga-off font-feature-clig-off font-feature-calt-off text-decoration-none text-strikethrough-none\">La naissance de Feeling Laser<\/span><\/strong><\/h4>\n<p class=\"cvGsUA direction-ltr align-start para-style-body\"><span class=\"a_GcMg font-feature-liga-off font-feature-clig-off font-feature-calt-off text-decoration-none text-strikethrough-none\">Convaincu que cette technologie allait r\u00e9volutionner notre mani\u00e8re de travailler, j\u2019ai cr\u00e9\u00e9 Feeling Laser un an plus tard.<\/span><\/p>\n<p class=\"cvGsUA direction-ltr align-start para-style-body\"><span class=\"a_GcMg white-space-prewrap font-feature-liga-off font-feature-clig-off font-feature-calt-off text-decoration-none text-strikethrough-none\"> <\/span><span class=\"a_GcMg font-feature-liga-off font-feature-clig-off font-feature-calt-off text-decoration-none text-strikethrough-none\">Mon objectif : rendre accessible \u00e0 La R\u00e9union une solution de soudure innovante, performante et durable.<\/span><\/p>\n<p class=\"cvGsUA direction-ltr align-start para-style-body\"><span class=\"a_GcMg font-feature-liga-off font-feature-clig-off font-feature-calt-off text-decoration-none text-strikethrough-none\">Je propose des postes de soudure laser 100 % europ\u00e9ens, configur\u00e9s en fran\u00e7ais, adapt\u00e9s aux exigences des artisans et industriels locaux.<\/span><\/p>\n<p class=\"cvGsUA direction-ltr align-start para-style-body\"><span class=\"a_GcMg white-space-prewrap font-feature-liga-off font-feature-clig-off font-feature-calt-off text-decoration-none text-strikethrough-none\"> <\/span><span class=\"a_GcMg font-feature-liga-off font-feature-clig-off font-feature-calt-off text-decoration-none text-strikethrough-none\">Et surtout, je ne me contente pas de vendre une machine :je vous accompagne de A \u00e0 Z avec une formation compl\u00e8te, une garantie fiable et un service apr\u00e8s-vente local et r\u00e9actif.<\/span><\/p>\n<h4 class=\"cvGsUA direction-ltr align-start para-style-body\"><strong><span class=\"a_GcMg font-feature-liga-off font-feature-clig-off font-feature-calt-off text-decoration-none text-strikethrough-none\">Une vision tourn\u00e9e vers l\u2019avenir<\/span><\/strong><\/h4>\n<p class=\"cvGsUA direction-ltr align-start para-style-body\"><span class=\"a_GcMg font-feature-liga-off font-feature-clig-off font-feature-calt-off text-decoration-none text-strikethrough-none\">La soudure laser, c\u2019est l\u2019avenir.<\/span><span class=\"a_GcMg font-feature-liga-off font-feature-clig-off font-feature-calt-off text-decoration-none text-strikethrough-none white-space-prewrap\"> <\/span><\/p>\n<p class=\"cvGsUA direction-ltr align-start para-style-body\"><span class=\"a_GcMg font-feature-liga-off font-feature-clig-off font-feature-calt-off text-decoration-none text-strikethrough-none\">Et chez Feeling Laser, je vous aide \u00e0 le saisir avec des solutions innovantes, durables et performantes.<\/span><\/p>\n<p class=\"cvGsUA direction-ltr align-start para-style-body\"><span class=\"a_GcMg font-feature-liga-off font-feature-clig-off font-feature-calt-off text-decoration-none text-strikethrough-none\">Je suis fier de contribuer \u00e0 cette transition technologique et d\u2019offrir aux professionnels r\u00e9unionnais une nouvelle fa\u00e7on de travailler, plus pr\u00e9cise, plus rapide et plus efficace.<\/span><\/p>\n<p>[\/et_pb_text][et_pb_image src=\u00a0\u00bbhttps:\/\/feelinglaser.re\/wp-content\/uploads\/2025\/10\/Maquette-Site-Feeling-Laser-\u2022-avril-2025-22.png\u00a0\u00bb _builder_version=\u00a0\u00bb4.27.4&Prime; _module_preset=\u00a0\u00bbdefault\u00a0\u00bb theme_builder_area=\u00a0\u00bbpost_content\u00a0\u00bb title_text=\u00a0\u00bbMaquette Site Feeling Laser \u2022 avril 2025 (22)\u00a0\u00bb custom_padding=\u00a0\u00bb10px||||false|false\u00a0\u00bb hover_enabled=\u00a0\u00bb0&Prime; sticky_enabled=\u00a0\u00bb0&Prime;][\/et_pb_image][\/et_pb_column][\/et_pb_row][\/et_pb_section]<\/p>\n","protected":false},"excerpt":{"rendered":"<p>Qui sommes-nous ?Mon parcours Artisan passionn\u00e9 depuis 2002, j\u2019ai consacr\u00e9 les premi\u00e8res ann\u00e9es de ma carri\u00e8re \u00e0 la fabrication d\u2019enseignes lumineuses et de signal\u00e9tique. Cette activit\u00e9 m\u2019a permis de d\u00e9velopper une expertise solide en m\u00e9tallerie et en soudure, des comp\u00e9tences que j\u2019ai continu\u00e9 \u00e0 perfectionner au fil de mon \u00e9volution dans le secteur industriel. Il [&hellip;]<\/p>\n","protected":false},"author":1,"featured_media":0,"parent":0,"menu_order":0,"comment_status":"closed","ping_status":"closed","template":"","meta":{"_et_pb_use_builder":"on","_et_pb_old_content":"","_et_gb_content_width":"","footnotes":""},"class_list":["post-222","page","type-page","status-publish","hentry"],"_links":{"self":[{"href":"https:\/\/feelinglaser.re\/index.php\/wp-json\/wp\/v2\/pages\/222","targetHints":{"allow":["GET"]}}],"collection":[{"href":"https:\/\/feelinglaser.re\/index.php\/wp-json\/wp\/v2\/pages"}],"about":[{"href":"https:\/\/feelinglaser.re\/index.php\/wp-json\/wp\/v2\/types\/page"}],"author":[{"embeddable":true,"href":"https:\/\/feelinglaser.re\/index.php\/wp-json\/wp\/v2\/users\/1"}],"replies":[{"embeddable":true,"href":"https:\/\/feelinglaser.re\/index.php\/wp-json\/wp\/v2\/comments?post=222"}],"version-history":[{"count":3,"href":"https:\/\/feelinglaser.re\/index.php\/wp-json\/wp\/v2\/pages\/222\/revisions"}],"predecessor-version":[{"id":229,"href":"https:\/\/feelinglaser.re\/index.php\/wp-json\/wp\/v2\/pages\/222\/revisions\/229"}],"wp:attachment":[{"href":"https:\/\/feelinglaser.re\/index.php\/wp-json\/wp\/v2\/media?parent=222"}],"curies":[{"name":"wp","href":"https:\/\/api.w.org\/{rel}","templated":true}]}}