{"id":312,"date":"2025-10-28T20:51:59","date_gmt":"2025-10-28T16:51:59","guid":{"rendered":"https:\/\/feelinglaser.re\/?post_type=product&#038;p=312"},"modified":"2025-10-28T20:51:59","modified_gmt":"2025-10-28T16:51:59","slug":"poste-de-soudure-1500-watts-3-en-1-lm200fe","status":"publish","type":"product","link":"https:\/\/feelinglaser.re\/index.php\/product\/poste-de-soudure-1500-watts-3-en-1-lm200fe\/","title":{"rendered":"Poste de soudure 1500 watts 3 en 1 &#8211; LM200FE"},"content":{"rendered":"<p><span data-sheets-root=\"1\">Poste de soudure 1500 watts 3 fonctions en 1 avec d\u00e9rouleur simple int\u00e9gr\u00e9<\/span><\/p>\n","protected":false},"excerpt":{"rendered":"<p>Poste de soudure 1500 watts 3 fonctions en 1 avec d\u00e9rouleur simple int\u00e9gr\u00e9<\/p>\n","protected":false},"featured_media":308,"comment_status":"open","ping_status":"closed","template":"","meta":{"_et_pb_use_builder":"","_et_pb_old_content":"","_et_gb_content_width":""},"product_brand":[],"product_cat":[28],"product_tag":[],"class_list":{"0":"post-312","1":"product","2":"type-product","3":"status-publish","4":"has-post-thumbnail","6":"product_cat-machines","8":"first","9":"instock","10":"shipping-taxable","11":"purchasable","12":"product-type-simple"},"_links":{"self":[{"href":"https:\/\/feelinglaser.re\/index.php\/wp-json\/wp\/v2\/product\/312","targetHints":{"allow":["GET"]}}],"collection":[{"href":"https:\/\/feelinglaser.re\/index.php\/wp-json\/wp\/v2\/product"}],"about":[{"href":"https:\/\/feelinglaser.re\/index.php\/wp-json\/wp\/v2\/types\/product"}],"replies":[{"embeddable":true,"href":"https:\/\/feelinglaser.re\/index.php\/wp-json\/wp\/v2\/comments?post=312"}],"wp:featuredmedia":[{"embeddable":true,"href":"https:\/\/feelinglaser.re\/index.php\/wp-json\/wp\/v2\/media\/308"}],"wp:attachment":[{"href":"https:\/\/feelinglaser.re\/index.php\/wp-json\/wp\/v2\/media?parent=312"}],"wp:term":[{"taxonomy":"product_brand","embeddable":true,"href":"https:\/\/feelinglaser.re\/index.php\/wp-json\/wp\/v2\/product_brand?post=312"},{"taxonomy":"product_cat","embeddable":true,"href":"https:\/\/feelinglaser.re\/index.php\/wp-json\/wp\/v2\/product_cat?post=312"},{"taxonomy":"product_tag","embeddable":true,"href":"https:\/\/feelinglaser.re\/index.php\/wp-json\/wp\/v2\/product_tag?post=312"}],"curies":[{"name":"wp","href":"https:\/\/api.w.org\/{rel}","templated":true}]}}