{"id":319,"date":"2025-10-28T21:00:43","date_gmt":"2025-10-28T17:00:43","guid":{"rendered":"https:\/\/feelinglaser.re\/?post_type=product&#038;p=319"},"modified":"2025-10-28T21:00:43","modified_gmt":"2025-10-28T17:00:43","slug":"combine-table-et-tube-laser-6000-watts-lm1530aft","status":"publish","type":"product","link":"https:\/\/feelinglaser.re\/index.php\/product\/combine-table-et-tube-laser-6000-watts-lm1530aft\/","title":{"rendered":"Combin\u00e9 table et tube laser 6000 watts &#8211; LM1530AFT"},"content":{"rendered":"<p>Combin\u00e9 table de d\u00e9coupe laser 3000 x 1500 mm et banc de d\u00e9coupe de tube 10 mm \u00e0 220 mm puissance 6000 watts<\/p>\n","protected":false},"excerpt":{"rendered":"<p>Combin\u00e9 table de d\u00e9coupe laser 3000 x 1500 mm et banc de d\u00e9coupe de tube 10 mm \u00e0 220 mm puissance 6000 watts<\/p>\n","protected":false},"featured_media":320,"comment_status":"open","ping_status":"closed","template":"","meta":{"_et_pb_use_builder":"","_et_pb_old_content":"","_et_gb_content_width":""},"product_brand":[],"product_cat":[28],"product_tag":[],"class_list":{"0":"post-319","1":"product","2":"type-product","3":"status-publish","4":"has-post-thumbnail","6":"product_cat-machines","8":"first","9":"instock","10":"shipping-taxable","11":"purchasable","12":"product-type-simple"},"_links":{"self":[{"href":"https:\/\/feelinglaser.re\/index.php\/wp-json\/wp\/v2\/product\/319","targetHints":{"allow":["GET"]}}],"collection":[{"href":"https:\/\/feelinglaser.re\/index.php\/wp-json\/wp\/v2\/product"}],"about":[{"href":"https:\/\/feelinglaser.re\/index.php\/wp-json\/wp\/v2\/types\/product"}],"replies":[{"embeddable":true,"href":"https:\/\/feelinglaser.re\/index.php\/wp-json\/wp\/v2\/comments?post=319"}],"wp:featuredmedia":[{"embeddable":true,"href":"https:\/\/feelinglaser.re\/index.php\/wp-json\/wp\/v2\/media\/320"}],"wp:attachment":[{"href":"https:\/\/feelinglaser.re\/index.php\/wp-json\/wp\/v2\/media?parent=319"}],"wp:term":[{"taxonomy":"product_brand","embeddable":true,"href":"https:\/\/feelinglaser.re\/index.php\/wp-json\/wp\/v2\/product_brand?post=319"},{"taxonomy":"product_cat","embeddable":true,"href":"https:\/\/feelinglaser.re\/index.php\/wp-json\/wp\/v2\/product_cat?post=319"},{"taxonomy":"product_tag","embeddable":true,"href":"https:\/\/feelinglaser.re\/index.php\/wp-json\/wp\/v2\/product_tag?post=319"}],"curies":[{"name":"wp","href":"https:\/\/api.w.org\/{rel}","templated":true}]}}