{"id":324,"date":"2025-10-28T21:10:53","date_gmt":"2025-10-28T17:10:53","guid":{"rendered":"https:\/\/feelinglaser.re\/?post_type=product&#038;p=324"},"modified":"2025-10-28T21:10:53","modified_gmt":"2025-10-28T17:10:53","slug":"pack-assistance","status":"publish","type":"product","link":"https:\/\/feelinglaser.re\/index.php\/product\/pack-assistance\/","title":{"rendered":"Pack assistance"},"content":{"rendered":"<p>Assistance en ligne 5j\/7 de 8h \u00e0 17h pendant 1 an , installation et initiation s\u00e9curit\u00e9 operationnelle direct garantie machine 1 an<\/p>\n","protected":false},"excerpt":{"rendered":"<p>Assistance en ligne 5j\/7 de 8h \u00e0 17h pendant 1 an , installation et initiation s\u00e9curit\u00e9 operationnelle direct garantie machine 1 an<\/p>\n","protected":false},"featured_media":325,"comment_status":"open","ping_status":"closed","template":"","meta":{"_et_pb_use_builder":"","_et_pb_old_content":"","_et_gb_content_width":""},"product_brand":[],"product_cat":[32],"product_tag":[],"class_list":{"0":"post-324","1":"product","2":"type-product","3":"status-publish","4":"has-post-thumbnail","6":"product_cat-assistance","8":"first","9":"instock","10":"shipping-taxable","11":"purchasable","12":"product-type-simple"},"_links":{"self":[{"href":"https:\/\/feelinglaser.re\/index.php\/wp-json\/wp\/v2\/product\/324","targetHints":{"allow":["GET"]}}],"collection":[{"href":"https:\/\/feelinglaser.re\/index.php\/wp-json\/wp\/v2\/product"}],"about":[{"href":"https:\/\/feelinglaser.re\/index.php\/wp-json\/wp\/v2\/types\/product"}],"replies":[{"embeddable":true,"href":"https:\/\/feelinglaser.re\/index.php\/wp-json\/wp\/v2\/comments?post=324"}],"wp:featuredmedia":[{"embeddable":true,"href":"https:\/\/feelinglaser.re\/index.php\/wp-json\/wp\/v2\/media\/325"}],"wp:attachment":[{"href":"https:\/\/feelinglaser.re\/index.php\/wp-json\/wp\/v2\/media?parent=324"}],"wp:term":[{"taxonomy":"product_brand","embeddable":true,"href":"https:\/\/feelinglaser.re\/index.php\/wp-json\/wp\/v2\/product_brand?post=324"},{"taxonomy":"product_cat","embeddable":true,"href":"https:\/\/feelinglaser.re\/index.php\/wp-json\/wp\/v2\/product_cat?post=324"},{"taxonomy":"product_tag","embeddable":true,"href":"https:\/\/feelinglaser.re\/index.php\/wp-json\/wp\/v2\/product_tag?post=324"}],"curies":[{"name":"wp","href":"https:\/\/api.w.org\/{rel}","templated":true}]}}